{"id":15375,"date":"2024-04-20T14:20:43","date_gmt":"2024-04-20T14:20:43","guid":{"rendered":"https:\/\/travellingcreatives.com\/?page_id=15375"},"modified":"2024-04-20T17:14:52","modified_gmt":"2024-04-20T17:14:52","slug":"impressum","status":"publish","type":"page","link":"https:\/\/travellingcreatives.com\/en\/impressum\/","title":{"rendered":"Impressum"},"content":{"rendered":"<h3><strong>Travelling Creatives GbR wird gef\u00fchrt von<\/strong><\/h3>\n<p><strong>Maren Wei\u00dfhaupt &amp; Manuel Peters<\/strong><\/p>\n<p>D\u00fcmpelacker 69<br \/>\n58642 Iserlohn<br \/>\nDeutschland<\/p>\n<p><strong>Telefon<\/strong>: +49 (0) 176 433 56429<br \/>\n<strong>E-Mail<\/strong>: hello@travellingcreatives.com<br \/>\n<strong>Web:<\/strong>\u00a0<a href=\"http:\/\/www.travellingcreatives.com\" data-wpel-link=\"internal\">www.travellingcreatives.com<\/a><\/p>\n<p><strong>Umsatzsteuer-Identifikationsnummer gem\u00e4\u00df \u00a7 27 a Umsatzsteuergesetz: <\/strong>DE356439051999<\/p>\n<p>&nbsp;<\/p>\n<h3><strong>Disclaimer<\/strong><\/h3>\n<p>Die Inhalte unserer Seiten wurden mit gr\u00f6\u00dfter Sorgfalt erstellt. F\u00fcr die Richtigkeit, Vollst\u00e4ndigkeit und Aktualit\u00e4t der Inhalte k\u00f6nnen wir jedoch keine Gew\u00e4hr \u00fcbernehmen. Als Diensteanbieter sind wir gem\u00e4\u00df \u00a7 7 Abs.1 TMG f\u00fcr eigene Inhalte auf diesen Seiten nach den allgemeinen Gesetzen verantwortlich. Nach \u00a7\u00a7 8 bis 10 TMG sind wir als Diensteanbieter jedoch nicht verpflichtet, \u00fcbermittelte oder gespeicherte fremde Informationen zu \u00fcberwachen oder nach Umst\u00e4nden zu forschen, die auf eine rechtswidrige T\u00e4tigkeit hinweisen. Verpflichtungen zur Entfernung oder Sperrung der Nutzung von Informationen nach den allgemeinen Gesetzen bleiben hiervon unber\u00fchrt. Eine diesbez\u00fcgliche Haftung ist jedoch erst ab dem Zeitpunkt der Kenntnis einer konkreten Rechtsverletzung m\u00f6glich. Bei Bekanntwerden von entsprechenden Rechtsverletzungen werden wir diese Inhalte umgehend entfernen.<\/p>\n<h3><strong>Urheberrecht<\/strong><\/h3>\n<p>Die durch die Seitenbetreiber erstellten Inhalte und Werke auf diesen Seiten unterliegen dem deutschen Urheberrecht. Die Vervielf\u00e4ltigung, Bearbeitung, Verbreitung und jede Art der Verwertung au\u00dferhalb der Grenzen des Urheberrechtes bed\u00fcrfen der schriftlichen Zustimmung des jeweiligen Autors bzw. Erstellers. Downloads und Kopien dieser Seite sind nur f\u00fcr den privaten, nicht kommerziellen Gebrauch gestattet. Soweit die Inhalte auf dieser Seite nicht vom Betreiber erstellt wurden, werden die Urheberrechte Dritter beachtet. Insbesondere werden Inhalte Dritter als solche gekennzeichnet. Sollten Sie trotzdem auf eine Urheberrechtsverletzung aufmerksam werden, bitten wir um einen entsprechenden Hinweis. Bei Bekanntwerden von Rechtsverletzungen werden wir derartige Inhalte umgehend entfernen.<\/p>\n<p>&nbsp;<\/p>\n<p>&nbsp;<\/p>","protected":false},"excerpt":{"rendered":"<p>Travelling Creatives GbR wird gef\u00fchrt von Maren Wei\u00dfhaupt &amp; Manuel Peters D\u00fcmpelacker 69 58642 Iserlohn Deutschland Telefon: +49 (0) 176 433 56429 E-Mail: hello@travellingcreatives.com Web:\u00a0www.travellingcreatives.com Umsatzsteuer-Identifikationsnummer gem\u00e4\u00df \u00a7 27 a Umsatzsteuergesetz: DE356439051999 &nbsp; Disclaimer Die Inhalte unserer Seiten wurden mit gr\u00f6\u00dfter Sorgfalt erstellt. F\u00fcr die Richtigkeit, Vollst\u00e4ndigkeit und Aktualit\u00e4t der Inhalte k\u00f6nnen wir jedoch keine&hellip;<\/p>","protected":false},"author":1,"featured_media":0,"parent":0,"menu_order":0,"comment_status":"closed","ping_status":"closed","template":"","meta":{"footnotes":""},"class_list":["post-15375","page","type-page","status-publish","hentry","description-off"],"yoast_head":"<!-- This site is optimized with the Yoast SEO plugin v27.4 - https:\/\/yoast.com\/product\/yoast-seo-wordpress\/ -->\n<title>Impressum - Travelling Creatives<\/title>\n<meta name=\"robots\" content=\"index, follow, max-snippet:-1, max-image-preview:large, max-video-preview:-1\" \/>\n<link rel=\"canonical\" href=\"https:\/\/travellingcreatives.com\/en\/impressum\/\" \/>\n<meta property=\"og:locale\" content=\"en_US\" \/>\n<meta property=\"og:type\" content=\"article\" \/>\n<meta property=\"og:title\" content=\"Impressum - Travelling Creatives\" \/>\n<meta property=\"og:description\" content=\"Travelling Creatives GbR wird gef\u00fchrt von Maren Wei\u00dfhaupt &amp; Manuel Peters D\u00fcmpelacker 69 58642 Iserlohn Deutschland Telefon: +49 (0) 176 433 56429 E-Mail: hello@travellingcreatives.com Web:\u00a0www.travellingcreatives.com Umsatzsteuer-Identifikationsnummer gem\u00e4\u00df \u00a7 27 a Umsatzsteuergesetz: DE356439051999 &nbsp; Disclaimer Die Inhalte unserer Seiten wurden mit gr\u00f6\u00dfter Sorgfalt erstellt. F\u00fcr die Richtigkeit, Vollst\u00e4ndigkeit und Aktualit\u00e4t der Inhalte k\u00f6nnen wir jedoch keine&hellip;\" \/>\n<meta property=\"og:url\" content=\"https:\/\/travellingcreatives.com\/en\/impressum\/\" \/>\n<meta property=\"og:site_name\" content=\"Travelling Creatives\" \/>\n<meta property=\"article:modified_time\" content=\"2024-04-20T17:14:52+00:00\" \/>\n<meta name=\"twitter:card\" content=\"summary_large_image\" \/>\n<meta name=\"twitter:label1\" content=\"Est. reading time\" \/>\n\t<meta name=\"twitter:data1\" content=\"2 minutes\" \/>\n<script type=\"application\/ld+json\" class=\"yoast-schema-graph\">{\"@context\":\"https:\\\/\\\/schema.org\",\"@graph\":[{\"@type\":\"WebPage\",\"@id\":\"https:\\\/\\\/travellingcreatives.com\\\/impressum\\\/\",\"url\":\"https:\\\/\\\/travellingcreatives.com\\\/impressum\\\/\",\"name\":\"Impressum - Travelling Creatives\",\"isPartOf\":{\"@id\":\"https:\\\/\\\/travellingcreatives.com\\\/#website\"},\"datePublished\":\"2024-04-20T14:20:43+00:00\",\"dateModified\":\"2024-04-20T17:14:52+00:00\",\"breadcrumb\":{\"@id\":\"https:\\\/\\\/travellingcreatives.com\\\/impressum\\\/#breadcrumb\"},\"inLanguage\":\"en-US\",\"potentialAction\":[{\"@type\":\"ReadAction\",\"target\":[\"https:\\\/\\\/travellingcreatives.com\\\/impressum\\\/\"]}]},{\"@type\":\"BreadcrumbList\",\"@id\":\"https:\\\/\\\/travellingcreatives.com\\\/impressum\\\/#breadcrumb\",\"itemListElement\":[{\"@type\":\"ListItem\",\"position\":1,\"name\":\"Startseite\",\"item\":\"https:\\\/\\\/travellingcreatives.com\\\/\"},{\"@type\":\"ListItem\",\"position\":2,\"name\":\"Impressum\"}]},{\"@type\":\"WebSite\",\"@id\":\"https:\\\/\\\/travellingcreatives.com\\\/#website\",\"url\":\"https:\\\/\\\/travellingcreatives.com\\\/\",\"name\":\"Travelling Creatives\",\"description\":\"\",\"potentialAction\":[{\"@type\":\"SearchAction\",\"target\":{\"@type\":\"EntryPoint\",\"urlTemplate\":\"https:\\\/\\\/travellingcreatives.com\\\/?s={search_term_string}\"},\"query-input\":{\"@type\":\"PropertyValueSpecification\",\"valueRequired\":true,\"valueName\":\"search_term_string\"}}],\"inLanguage\":\"en-US\"}]}<\/script>\n<!-- \/ Yoast SEO plugin. -->","yoast_head_json":{"title":"Impressum - Travelling Creatives","robots":{"index":"index","follow":"follow","max-snippet":"max-snippet:-1","max-image-preview":"max-image-preview:large","max-video-preview":"max-video-preview:-1"},"canonical":"https:\/\/travellingcreatives.com\/en\/impressum\/","og_locale":"en_US","og_type":"article","og_title":"Impressum - Travelling Creatives","og_description":"Travelling Creatives GbR wird gef\u00fchrt von Maren Wei\u00dfhaupt &amp; Manuel Peters D\u00fcmpelacker 69 58642 Iserlohn Deutschland Telefon: +49 (0) 176 433 56429 E-Mail: hello@travellingcreatives.com Web:\u00a0www.travellingcreatives.com Umsatzsteuer-Identifikationsnummer gem\u00e4\u00df \u00a7 27 a Umsatzsteuergesetz: DE356439051999 &nbsp; Disclaimer Die Inhalte unserer Seiten wurden mit gr\u00f6\u00dfter Sorgfalt erstellt. F\u00fcr die Richtigkeit, Vollst\u00e4ndigkeit und Aktualit\u00e4t der Inhalte k\u00f6nnen wir jedoch keine&hellip;","og_url":"https:\/\/travellingcreatives.com\/en\/impressum\/","og_site_name":"Travelling Creatives","article_modified_time":"2024-04-20T17:14:52+00:00","twitter_card":"summary_large_image","twitter_misc":{"Est. reading time":"2 minutes"},"schema":{"@context":"https:\/\/schema.org","@graph":[{"@type":"WebPage","@id":"https:\/\/travellingcreatives.com\/impressum\/","url":"https:\/\/travellingcreatives.com\/impressum\/","name":"Impressum - Travelling Creatives","isPartOf":{"@id":"https:\/\/travellingcreatives.com\/#website"},"datePublished":"2024-04-20T14:20:43+00:00","dateModified":"2024-04-20T17:14:52+00:00","breadcrumb":{"@id":"https:\/\/travellingcreatives.com\/impressum\/#breadcrumb"},"inLanguage":"en-US","potentialAction":[{"@type":"ReadAction","target":["https:\/\/travellingcreatives.com\/impressum\/"]}]},{"@type":"BreadcrumbList","@id":"https:\/\/travellingcreatives.com\/impressum\/#breadcrumb","itemListElement":[{"@type":"ListItem","position":1,"name":"Startseite","item":"https:\/\/travellingcreatives.com\/"},{"@type":"ListItem","position":2,"name":"Impressum"}]},{"@type":"WebSite","@id":"https:\/\/travellingcreatives.com\/#website","url":"https:\/\/travellingcreatives.com\/","name":"Travelling Creatives","description":"","potentialAction":[{"@type":"SearchAction","target":{"@type":"EntryPoint","urlTemplate":"https:\/\/travellingcreatives.com\/?s={search_term_string}"},"query-input":{"@type":"PropertyValueSpecification","valueRequired":true,"valueName":"search_term_string"}}],"inLanguage":"en-US"}]}},"_links":{"self":[{"href":"https:\/\/travellingcreatives.com\/en\/wp-json\/wp\/v2\/pages\/15375","targetHints":{"allow":["GET"]}}],"collection":[{"href":"https:\/\/travellingcreatives.com\/en\/wp-json\/wp\/v2\/pages"}],"about":[{"href":"https:\/\/travellingcreatives.com\/en\/wp-json\/wp\/v2\/types\/page"}],"author":[{"embeddable":true,"href":"https:\/\/travellingcreatives.com\/en\/wp-json\/wp\/v2\/users\/1"}],"replies":[{"embeddable":true,"href":"https:\/\/travellingcreatives.com\/en\/wp-json\/wp\/v2\/comments?post=15375"}],"version-history":[{"count":4,"href":"https:\/\/travellingcreatives.com\/en\/wp-json\/wp\/v2\/pages\/15375\/revisions"}],"predecessor-version":[{"id":15430,"href":"https:\/\/travellingcreatives.com\/en\/wp-json\/wp\/v2\/pages\/15375\/revisions\/15430"}],"wp:attachment":[{"href":"https:\/\/travellingcreatives.com\/en\/wp-json\/wp\/v2\/media?parent=15375"}],"curies":[{"name":"wp","href":"https:\/\/api.w.org\/{rel}","templated":true}]}}